{"id":2095,"date":"2024-01-26T10:17:15","date_gmt":"2024-01-26T09:17:15","guid":{"rendered":"https:\/\/www.xammarpilatesfisio.com\/avis-legal\/"},"modified":"2024-07-04T10:47:27","modified_gmt":"2024-07-04T08:47:27","slug":"avis-legal","status":"publish","type":"page","link":"https:\/\/www.xammarpilatesfisio.com\/ca\/avis-legal\/","title":{"rendered":"Av\u00eds legal"},"content":{"rendered":"\n<p>En compliment amb el que estableix la Llei 34\/2002 d&#8217;11 de juliol, de Serveis de la Societat de la Informaci\u00f3 i el Comer\u00e7 Electr\u00f2nic (LSSICE), s&#8217;informa dels aspectes legals seg\u00fcents:<\/p>\n\n<h2 class=\"wp-block-heading\">Propietat del lloc web<\/h2>\n\n<p>Titular: XAMMAR ESTUDI PILATES I FISIOTER\u00c0PIA SCP<br\/>CIF: J65882151<br\/>Adre\u00e7a: Baixada de les Espenyes n\u00ba 6 2a planta, 08301 Matar\u00f3<br\/>Contacte: <a href=\"mailto:info@xammarpilatesfisio.com\">info@xammarpilatesfisio.com<\/a><\/p>\n\n<h2 class=\"wp-block-heading\">Finalitat de la web<\/h2>\n\n<p>La p\u00e0gina web <a href=\"https:\/\/www.xammarpilatesfisio.com\">xammarpilatesfisio.com<\/a> t\u00e9 com a objecte facilitar al p\u00fablic en general el coneixement de les activitats que realitza i els serveis de fisioter\u00e0pia, tecater\u00e0pia, pilates, entrenament personal, osteopatia, magnetoter\u00e0pia, fisio est\u00e8tica, hipopressius, ioga i psiconutrici\u00f3 que presta per al desenvolupament de la seva activitat.<\/p>\n\n<h2 class=\"wp-block-heading\">Condicions generals d\u00fas<\/h2>\n\n<p>L&#8217;acc\u00e9s a la web <a href=\"https:\/\/www.xammarpilatesfisio.com\">xammarpilatesfisio.com<\/a> \u00e9s responsabilitat exclusiva dels usuaris, i suposa acceptar i con\u00e8ixer l&#8217;av\u00eds legal, la pol\u00edtica de cookies i la pol\u00edtica de privadesa. En cas de compra tamb\u00e9 heu d&#8217;acceptar i con\u00e8ixer la pol\u00edtica de condicions de venda.<\/p>\n\n<p>L&#8217;\u00fas de qualsevol de les funcionalitats del lloc web implica l&#8217;expressa i plena acceptaci\u00f3 de les condicions aqu\u00ed exposades, sens perjudici d&#8217;aquelles particulars que es puguin aplicar a alguns dels serveis concrets oferts a trav\u00e9s del lloc web.<\/p>\n\n<p>El titular del lloc web es reserva la facultat d&#8217;efectuar, en qualsevol moment i sense necessitat de previ av\u00eds, modificacions i actualitzacions de la informaci\u00f3 continguda a la seva web oa la configuraci\u00f3 i presentaci\u00f3 d&#8217;aquesta.<\/p>\n\n<p>A fi de mantenir actualitzada la informaci\u00f3 publicada al portal web, els continguts d&#8217;aquest podran ser modificats, corregits, eliminats o afegits en qualsevol moment, per la qual cosa ser\u00e0 convenient comprovar-ne la vig\u00e8ncia o exactitud acudint sempre a les fonts oficials.<\/p>\n\n<p>L&#8217;Usuari es compromet a la correcta utilitzaci\u00f3 de la web i utilitats que se li proporcionin conforme a la llei, aquest Av\u00eds Legal, i les instruccions i avisos que se li comuniquin. L&#8217;Usuari s&#8217;obliga a l&#8217;\u00fas exclusiu de la web, i tots els seus continguts, per a fins l\u00edcits i no prohibits, que no infringeixin la legalitat vigent i\/o puguin resultar lesius dels drets leg\u00edtims de <a href=\"https:\/\/www.xammarpilatesfisio.com\">xammarpilatesfisio.com<\/a> , i\/o que puguin causar qualsevol dany o perjudici de manera directa o indirecta.<\/p>\n\n<h2 class=\"wp-block-heading\">Propietat intel\u00b7lectual i industrial<\/h2>\n\n<p>Tots els elements que formen el lloc web, aix\u00ed com la seva estructura, disseny, codi font, logotips, marques i altres signes distintius que hi apareixen, s\u00f3n titularitat de XAMMAR ESTUDI PILATES I FISIOTER\u00c0PIA SCP o dels seus col\u00b7laboradors i estan protegits pels corresponents drets de propietat intel\u00b7lectual i industrial.<\/p>\n\n<p>Igualment estan protegits pels corresponents drets de propietat intel\u00b7lectual i industrial les imatges i altres elements gr\u00e0fics continguts al lloc web. El seu \u00fas, reproducci\u00f3, distribuci\u00f3, comunicaci\u00f3 p\u00fablica, transformaci\u00f3 o qualsevol altra activitat similar o an\u00e0loga, queda totalment prohibida llevat que hi hagi pr\u00e8via i expressa autoritzaci\u00f3 del titular.<\/p>\n\n<p>Respecte a les cites de productes i serveis de tercers, el titular del lloc web reconeix a favor dels seus titulars els corresponents drets de propietat industrial i intel\u00b7lectual, i no implica la seva sola menci\u00f3 o aparici\u00f3 a la web l&#8217;exist\u00e8ncia de drets ni de responsabilitat sobre aquests, com tampoc patrocini o recomanaci\u00f3.<\/p>\n\n<p>El titular del lloc web declara el respecte als drets de propietat intel\u00b7lectual i industrial de tercers; per aix\u00f2, si considereu que al nostre lloc web es poguessin estar violant els seus drets, preguem es posi en contacte amb el titular del lloc web.<\/p>\n\n<h2 class=\"wp-block-heading\">Responsabilitat<\/h2>\n\n<p>El titular del lloc web no garanteix la inexist\u00e8ncia d&#8217;errors en l&#8217;acc\u00e9s a la web, en el seu contingut, ni que aquest estigui actualitzat, encara que el titular del lloc web desenvolupar\u00e0 els seus millors esfor\u00e7os per, si escau, evitar-los, esmenar-los o actualitzar-los .<\/p>\n\n<p>Tant l&#8217;acc\u00e9s al lloc web, com l&#8217;\u00fas que es pugui fer de la informaci\u00f3 que cont\u00e9 \u00e9s d&#8217;exclusiva responsabilitat de qui el realitza.<\/p>\n\n<p>En cas que l&#8217;usuari consideri que hi ha algun contingut que pogu\u00e9s ser susceptible d&#8217;aquesta classificaci\u00f3, cal que us poseu en contacte amb el titular del lloc web. En compliment del que disposa la Llei de serveis de la societat de la informaci\u00f3 i de comer\u00e7 electr\u00f2nic, el titular del lloc web es posa a disposici\u00f3 de tots els usuaris, autoritats i forces de seguretat, i col\u00b7laborant de forma activa en la retirada o si \u00e9s el cas bloqueig de tots aquells continguts que poguessin afectar o contravenir la legislaci\u00f3 nacional, o internacional, drets de tercers o la moral i lordre p\u00fablic.<\/p>\n\n<h2 class=\"wp-block-heading\">Enlla\u00e7os<\/h2>\n\n<p>Els enlla\u00e7os continguts al nostre lloc web poden adre\u00e7ar a continguts web de tercers. L&#8217;objectiu d&#8217;aquests enlla\u00e7os \u00e9s \u00fanicament facilitar-vos la cerca dels recursos que us puguin interessar a trav\u00e9s d&#8217;Internet. Aix\u00f2 no obstant, aquestes p\u00e0gines no pertanyen al mateix titular del lloc web, ni fa una revisi\u00f3 dels seus continguts i, per aix\u00f2, el titular del lloc web no assumeix cap responsabilitat pel contingut, informacions o serveis que poguessin apar\u00e8ixer en aquests llocs, que tindran exclusivament car\u00e0cter informatiu i que en cap cas impliquen cap relaci\u00f3 entre el titular del lloc web i les persones o entitats titulars d&#8217;aquests continguts o titulars d&#8217;altres llocs on es trobin. El titular del lloc web tampoc no es pot fer responsable del funcionament de la p\u00e0gina enlla\u00e7ada o dels possibles danys que puguin derivar-se de l&#8217;acc\u00e9s o \u00fas d&#8217;aquesta.<\/p>\n\n<p>L&#8217;establiment de l&#8217;enlla\u00e7 amb una altra p\u00e0gina web no suposar\u00e0 cap mena d&#8217;acord, contracte, patrocini ni recomanaci\u00f3 per part de <a href=\"https:\/\/www.xammarpilatesfisio.com\">xammarpilatesfisio.com<\/a> .<\/p>\n\n<p><a href=\"https:\/\/www.xammarpilatesfisio.com\">xammarpilatesfisio.com<\/a> no es responsabilitza de cap manera ni garanteix la claredat, exactitud, fiabilitat, correcci\u00f3 o moralitat de continguts o serveis que l&#8217;establiment de l&#8217;enlla\u00e7 amb una altra p\u00e0gina web pugui oferir. L&#8217;usuari assumeix sota la seva responsabilitat exclusiva les conseq\u00fc\u00e8ncies, danys o accions que es puguin derivar de l&#8217;acc\u00e9s a la p\u00e0gina de l&#8217;enlla\u00e7.<\/p>\n\n<h2 class=\"wp-block-heading\">Protecci\u00f3 de dades<\/h2>\n\n<p>Per a aquells casos que es demanin, tractin o emmagatzemin dades personals, es far\u00e0 de conformitat amb la Pol\u00edtica de Privadesa publicada al website i que pot consultar al peu d&#8217;aquesta.<\/p>\n\n<h2 class=\"wp-block-heading\">Llei aplicable i jurisdicci\u00f3<\/h2>\n\n<p>La llei aplicable en cas de disputa o conflicte dinterpretaci\u00f3 dels termes que conformen aquest Av\u00eds Legal, aix\u00ed com qualsevol q\u00fcesti\u00f3 relacionada amb els serveis del present Portal, ser\u00e0 la llei espanyola.<\/p>\n\n<p>Per a la resoluci\u00f3 de qualsevol conflicte que pugui sorgir en ocasi\u00f3 de la visita al lloc web o de l&#8217;\u00fas dels serveis que s&#8217;hi puguin oferir, el titular del lloc web i l&#8217;usuari acorden sotmetre&#8217;s als jutges i tribunals de domicili de l&#8217;usuari, sempre que aquest estigui situat en territori espanyol i actu\u00ef en condici\u00f3 de consumidor.<\/p>\n","protected":false},"excerpt":{"rendered":"<p>En compliment amb el que estableix la Llei 34\/2002 d&#8217;11 de juliol, de Serveis de la Societat de la Informaci\u00f3 i el Comer\u00e7 Electr\u00f2nic (LSSICE), s&#8217;informa dels aspectes legals seg\u00fcents: Propietat del lloc web Titular: XAMMAR ESTUDI PILATES I FISIOTER\u00c0PIA SCPCIF: J65882151Adre\u00e7a: Baixada de les Espenyes n\u00ba 6 2a planta, 08301 Matar\u00f3Contacte: info@xammarpilatesfisio.com Finalitat de [&hellip;]<\/p>\n","protected":false},"author":2,"featured_media":0,"parent":0,"menu_order":0,"comment_status":"closed","ping_status":"closed","template":"","meta":{"_uag_custom_page_level_css":"","site-sidebar-layout":"default","site-content-layout":"","ast-site-content-layout":"default","site-content-style":"default","site-sidebar-style":"default","ast-global-header-display":"","ast-banner-title-visibility":"","ast-main-header-display":"","ast-hfb-above-header-display":"","ast-hfb-below-header-display":"","ast-hfb-mobile-header-display":"","site-post-title":"","ast-breadcrumbs-content":"","ast-featured-img":"","footer-sml-layout":"","ast-disable-related-posts":"","theme-transparent-header-meta":"","adv-header-id-meta":"","stick-header-meta":"","header-above-stick-meta":"","header-main-stick-meta":"","header-below-stick-meta":"","astra-migrate-meta-layouts":"default","ast-page-background-enabled":"default","ast-page-background-meta":{"desktop":{"background-color":"","background-image":"","background-repeat":"repeat","background-position":"center center","background-size":"auto","background-attachment":"scroll","background-type":"","background-media":"","overlay-type":"","overlay-color":"","overlay-opacity":"","overlay-gradient":""},"tablet":{"background-color":"","background-image":"","background-repeat":"repeat","background-position":"center center","background-size":"auto","background-attachment":"scroll","background-type":"","background-media":"","overlay-type":"","overlay-color":"","overlay-opacity":"","overlay-gradient":""},"mobile":{"background-color":"","background-image":"","background-repeat":"repeat","background-position":"center center","background-size":"auto","background-attachment":"scroll","background-type":"","background-media":"","overlay-type":"","overlay-color":"","overlay-opacity":"","overlay-gradient":""}},"ast-content-background-meta":{"desktop":{"background-color":"var(--ast-global-color-5)","background-image":"","background-repeat":"repeat","background-position":"center center","background-size":"auto","background-attachment":"scroll","background-type":"","background-media":"","overlay-type":"","overlay-color":"","overlay-opacity":"","overlay-gradient":""},"tablet":{"background-color":"var(--ast-global-color-5)","background-image":"","background-repeat":"repeat","background-position":"center center","background-size":"auto","background-attachment":"scroll","background-type":"","background-media":"","overlay-type":"","overlay-color":"","overlay-opacity":"","overlay-gradient":""},"mobile":{"background-color":"var(--ast-global-color-5)","background-image":"","background-repeat":"repeat","background-position":"center center","background-size":"auto","background-attachment":"scroll","background-type":"","background-media":"","overlay-type":"","overlay-color":"","overlay-opacity":"","overlay-gradient":""}},"footnotes":""},"class_list":["post-2095","page","type-page","status-publish","hentry"],"yoast_head":"<!-- This site is optimized with the Yoast SEO plugin v27.5 - https:\/\/yoast.com\/product\/yoast-seo-wordpress\/ -->\n<title>Av\u00eds legal - Xammar Fisio Esport Pilates<\/title>\n<meta name=\"robots\" content=\"index, follow, max-snippet:-1, max-image-preview:large, max-video-preview:-1\" \/>\n<link rel=\"canonical\" href=\"https:\/\/www.xammarpilatesfisio.com\/ca\/avis-legal\/\" \/>\n<meta property=\"og:locale\" content=\"ca_ES\" \/>\n<meta property=\"og:type\" content=\"article\" \/>\n<meta property=\"og:title\" content=\"Av\u00eds legal - Xammar Fisio Esport Pilates\" \/>\n<meta property=\"og:description\" content=\"En compliment amb el que estableix la Llei 34\/2002 d&#8217;11 de juliol, de Serveis de la Societat de la Informaci\u00f3 i el Comer\u00e7 Electr\u00f2nic (LSSICE), s&#8217;informa dels aspectes legals seg\u00fcents: Propietat del lloc web Titular: XAMMAR ESTUDI PILATES I FISIOTER\u00c0PIA SCPCIF: J65882151Adre\u00e7a: Baixada de les Espenyes n\u00ba 6 2a planta, 08301 Matar\u00f3Contacte: info@xammarpilatesfisio.com Finalitat de [&hellip;]\" \/>\n<meta property=\"og:url\" content=\"https:\/\/www.xammarpilatesfisio.com\/ca\/avis-legal\/\" \/>\n<meta property=\"og:site_name\" content=\"Xammar Fisio Esport Pilates\" \/>\n<meta property=\"article:publisher\" content=\"https:\/\/www.facebook.com\/p\/Xammar-Fisio-Esport-Pilates-Matar-100063613387199\/?locale=en_GB\" \/>\n<meta property=\"article:modified_time\" content=\"2024-07-04T08:47:27+00:00\" \/>\n<meta name=\"twitter:card\" content=\"summary_large_image\" \/>\n<meta name=\"twitter:site\" content=\"@xammarFisioPila\" \/>\n<meta name=\"twitter:label1\" content=\"Temps estimat de lectura\" \/>\n\t<meta name=\"twitter:data1\" content=\"6 minuts\" \/>\n<script type=\"application\/ld+json\" class=\"yoast-schema-graph\">{\"@context\":\"https:\\\/\\\/schema.org\",\"@graph\":[{\"@type\":\"WebPage\",\"@id\":\"https:\\\/\\\/www.xammarpilatesfisio.com\\\/ca\\\/avis-legal\\\/\",\"url\":\"https:\\\/\\\/www.xammarpilatesfisio.com\\\/ca\\\/avis-legal\\\/\",\"name\":\"Av\u00eds legal - Xammar Fisio Esport Pilates\",\"isPartOf\":{\"@id\":\"https:\\\/\\\/www.xammarpilatesfisio.com\\\/ca\\\/#website\"},\"datePublished\":\"2024-01-26T09:17:15+00:00\",\"dateModified\":\"2024-07-04T08:47:27+00:00\",\"breadcrumb\":{\"@id\":\"https:\\\/\\\/www.xammarpilatesfisio.com\\\/ca\\\/avis-legal\\\/#breadcrumb\"},\"inLanguage\":\"ca\",\"potentialAction\":[{\"@type\":\"ReadAction\",\"target\":[\"https:\\\/\\\/www.xammarpilatesfisio.com\\\/ca\\\/avis-legal\\\/\"]}]},{\"@type\":\"BreadcrumbList\",\"@id\":\"https:\\\/\\\/www.xammarpilatesfisio.com\\\/ca\\\/avis-legal\\\/#breadcrumb\",\"itemListElement\":[{\"@type\":\"ListItem\",\"position\":1,\"name\":\"Portada\",\"item\":\"https:\\\/\\\/www.xammarpilatesfisio.com\\\/ca\\\/\"},{\"@type\":\"ListItem\",\"position\":2,\"name\":\"Av\u00eds legal\"}]},{\"@type\":\"WebSite\",\"@id\":\"https:\\\/\\\/www.xammarpilatesfisio.com\\\/ca\\\/#website\",\"url\":\"https:\\\/\\\/www.xammarpilatesfisio.com\\\/ca\\\/\",\"name\":\"Xammar Fisio Esport Pilates\",\"description\":\"\",\"publisher\":{\"@id\":\"https:\\\/\\\/www.xammarpilatesfisio.com\\\/ca\\\/#organization\"},\"potentialAction\":[{\"@type\":\"SearchAction\",\"target\":{\"@type\":\"EntryPoint\",\"urlTemplate\":\"https:\\\/\\\/www.xammarpilatesfisio.com\\\/ca\\\/?s={search_term_string}\"},\"query-input\":{\"@type\":\"PropertyValueSpecification\",\"valueRequired\":true,\"valueName\":\"search_term_string\"}}],\"inLanguage\":\"ca\"},{\"@type\":\"Organization\",\"@id\":\"https:\\\/\\\/www.xammarpilatesfisio.com\\\/ca\\\/#organization\",\"name\":\"Xammar Fisio Esport Pilates\",\"url\":\"https:\\\/\\\/www.xammarpilatesfisio.com\\\/ca\\\/\",\"logo\":{\"@type\":\"ImageObject\",\"inLanguage\":\"ca\",\"@id\":\"https:\\\/\\\/www.xammarpilatesfisio.com\\\/ca\\\/#\\\/schema\\\/logo\\\/image\\\/\",\"url\":\"https:\\\/\\\/www.xammarpilatesfisio.com\\\/wp-content\\\/uploads\\\/2024\\\/01\\\/Xammar-logo-azul.png\",\"contentUrl\":\"https:\\\/\\\/www.xammarpilatesfisio.com\\\/wp-content\\\/uploads\\\/2024\\\/01\\\/Xammar-logo-azul.png\",\"width\":1437,\"height\":658,\"caption\":\"Xammar Fisio Esport Pilates\"},\"image\":{\"@id\":\"https:\\\/\\\/www.xammarpilatesfisio.com\\\/ca\\\/#\\\/schema\\\/logo\\\/image\\\/\"},\"sameAs\":[\"https:\\\/\\\/www.facebook.com\\\/p\\\/Xammar-Fisio-Esport-Pilates-Matar-100063613387199\\\/?locale=en_GB\",\"https:\\\/\\\/x.com\\\/xammarFisioPila\",\"https:\\\/\\\/www.instagram.com\\\/xammar_fisio_esport_pilates\\\/\"]}]}<\/script>\n<!-- \/ Yoast SEO plugin. -->","yoast_head_json":{"title":"Av\u00eds legal - Xammar Fisio Esport Pilates","robots":{"index":"index","follow":"follow","max-snippet":"max-snippet:-1","max-image-preview":"max-image-preview:large","max-video-preview":"max-video-preview:-1"},"canonical":"https:\/\/www.xammarpilatesfisio.com\/ca\/avis-legal\/","og_locale":"ca_ES","og_type":"article","og_title":"Av\u00eds legal - Xammar Fisio Esport Pilates","og_description":"En compliment amb el que estableix la Llei 34\/2002 d&#8217;11 de juliol, de Serveis de la Societat de la Informaci\u00f3 i el Comer\u00e7 Electr\u00f2nic (LSSICE), s&#8217;informa dels aspectes legals seg\u00fcents: Propietat del lloc web Titular: XAMMAR ESTUDI PILATES I FISIOTER\u00c0PIA SCPCIF: J65882151Adre\u00e7a: Baixada de les Espenyes n\u00ba 6 2a planta, 08301 Matar\u00f3Contacte: info@xammarpilatesfisio.com Finalitat de [&hellip;]","og_url":"https:\/\/www.xammarpilatesfisio.com\/ca\/avis-legal\/","og_site_name":"Xammar Fisio Esport Pilates","article_publisher":"https:\/\/www.facebook.com\/p\/Xammar-Fisio-Esport-Pilates-Matar-100063613387199\/?locale=en_GB","article_modified_time":"2024-07-04T08:47:27+00:00","twitter_card":"summary_large_image","twitter_site":"@xammarFisioPila","twitter_misc":{"Temps estimat de lectura":"6 minuts"},"schema":{"@context":"https:\/\/schema.org","@graph":[{"@type":"WebPage","@id":"https:\/\/www.xammarpilatesfisio.com\/ca\/avis-legal\/","url":"https:\/\/www.xammarpilatesfisio.com\/ca\/avis-legal\/","name":"Av\u00eds legal - Xammar Fisio Esport Pilates","isPartOf":{"@id":"https:\/\/www.xammarpilatesfisio.com\/ca\/#website"},"datePublished":"2024-01-26T09:17:15+00:00","dateModified":"2024-07-04T08:47:27+00:00","breadcrumb":{"@id":"https:\/\/www.xammarpilatesfisio.com\/ca\/avis-legal\/#breadcrumb"},"inLanguage":"ca","potentialAction":[{"@type":"ReadAction","target":["https:\/\/www.xammarpilatesfisio.com\/ca\/avis-legal\/"]}]},{"@type":"BreadcrumbList","@id":"https:\/\/www.xammarpilatesfisio.com\/ca\/avis-legal\/#breadcrumb","itemListElement":[{"@type":"ListItem","position":1,"name":"Portada","item":"https:\/\/www.xammarpilatesfisio.com\/ca\/"},{"@type":"ListItem","position":2,"name":"Av\u00eds legal"}]},{"@type":"WebSite","@id":"https:\/\/www.xammarpilatesfisio.com\/ca\/#website","url":"https:\/\/www.xammarpilatesfisio.com\/ca\/","name":"Xammar Fisio Esport Pilates","description":"","publisher":{"@id":"https:\/\/www.xammarpilatesfisio.com\/ca\/#organization"},"potentialAction":[{"@type":"SearchAction","target":{"@type":"EntryPoint","urlTemplate":"https:\/\/www.xammarpilatesfisio.com\/ca\/?s={search_term_string}"},"query-input":{"@type":"PropertyValueSpecification","valueRequired":true,"valueName":"search_term_string"}}],"inLanguage":"ca"},{"@type":"Organization","@id":"https:\/\/www.xammarpilatesfisio.com\/ca\/#organization","name":"Xammar Fisio Esport Pilates","url":"https:\/\/www.xammarpilatesfisio.com\/ca\/","logo":{"@type":"ImageObject","inLanguage":"ca","@id":"https:\/\/www.xammarpilatesfisio.com\/ca\/#\/schema\/logo\/image\/","url":"https:\/\/www.xammarpilatesfisio.com\/wp-content\/uploads\/2024\/01\/Xammar-logo-azul.png","contentUrl":"https:\/\/www.xammarpilatesfisio.com\/wp-content\/uploads\/2024\/01\/Xammar-logo-azul.png","width":1437,"height":658,"caption":"Xammar Fisio Esport Pilates"},"image":{"@id":"https:\/\/www.xammarpilatesfisio.com\/ca\/#\/schema\/logo\/image\/"},"sameAs":["https:\/\/www.facebook.com\/p\/Xammar-Fisio-Esport-Pilates-Matar-100063613387199\/?locale=en_GB","https:\/\/x.com\/xammarFisioPila","https:\/\/www.instagram.com\/xammar_fisio_esport_pilates\/"]}]}},"uagb_featured_image_src":{"full":false,"thumbnail":false,"medium":false,"medium_large":false,"large":false,"1536x1536":false,"2048x2048":false,"woocommerce_thumbnail":false,"woocommerce_single":false,"woocommerce_gallery_thumbnail":false,"awb_sm":false,"awb_md":false,"awb_lg":false,"awb_xl":false},"uagb_author_info":{"display_name":"domingo","author_link":"https:\/\/www.xammarpilatesfisio.com\/ca\/author\/domingo\/"},"uagb_comment_info":0,"uagb_excerpt":"En compliment amb el que estableix la Llei 34\/2002 d&#8217;11 de juliol, de Serveis de la Societat de la Informaci\u00f3 i el Comer\u00e7 Electr\u00f2nic (LSSICE), s&#8217;informa dels aspectes legals seg\u00fcents: Propietat del lloc web Titular: XAMMAR ESTUDI PILATES I FISIOTER\u00c0PIA SCPCIF: J65882151Adre\u00e7a: Baixada de les Espenyes n\u00ba 6 2a planta, 08301 Matar\u00f3Contacte: info@xammarpilatesfisio.com Finalitat de&hellip;","_links":{"self":[{"href":"https:\/\/www.xammarpilatesfisio.com\/ca\/wp-json\/wp\/v2\/pages\/2095","targetHints":{"allow":["GET"]}}],"collection":[{"href":"https:\/\/www.xammarpilatesfisio.com\/ca\/wp-json\/wp\/v2\/pages"}],"about":[{"href":"https:\/\/www.xammarpilatesfisio.com\/ca\/wp-json\/wp\/v2\/types\/page"}],"author":[{"embeddable":true,"href":"https:\/\/www.xammarpilatesfisio.com\/ca\/wp-json\/wp\/v2\/users\/2"}],"replies":[{"embeddable":true,"href":"https:\/\/www.xammarpilatesfisio.com\/ca\/wp-json\/wp\/v2\/comments?post=2095"}],"version-history":[{"count":1,"href":"https:\/\/www.xammarpilatesfisio.com\/ca\/wp-json\/wp\/v2\/pages\/2095\/revisions"}],"predecessor-version":[{"id":2099,"href":"https:\/\/www.xammarpilatesfisio.com\/ca\/wp-json\/wp\/v2\/pages\/2095\/revisions\/2099"}],"wp:attachment":[{"href":"https:\/\/www.xammarpilatesfisio.com\/ca\/wp-json\/wp\/v2\/media?parent=2095"}],"curies":[{"name":"wp","href":"https:\/\/api.w.org\/{rel}","templated":true}]}}